{"id":8629,"date":"2024-08-06T21:43:07","date_gmt":"2024-08-06T19:43:07","guid":{"rendered":"https:\/\/inkacable.com\/?post_type=product&#038;p=8629"},"modified":"2026-01-15T12:53:17","modified_gmt":"2026-01-15T11:53:17","slug":"na2xy-4x-sm","status":"publish","type":"product","link":"https:\/\/inkacable.mk\/mk\/proizvod\/na2xy-4x-sm\/","title":{"rendered":"NA2XY 4x SM"},"content":{"rendered":"","protected":false},"excerpt":{"rendered":"<p>The power cables w\u0131th \u0131nsulat\u0131on of XLPE are used for electricity supply in Low Voltage (LV) installation systems with a voltage rating of 0,6\/1 kV. These cables are characterized by very low dielectric losses; are used in energy centers, distribution and industrial facilities, local power transmission, where there is high risk of mechanical damage such as the power cable in the distribution (internal, external), is placed underground or in ducts.<\/p>\n<p><a class=\"btn-one style-one radi\" href=\"https:\/\/inkacable.mk\/wp-content\/uploads\/2026\/01\/new3.-NA2XY-4x-SM.pdf\" target=\"_blank\" rel=\"noopener\" data-loading-text=\"\"><br \/>\n<i class=\"fa fa-file-pdf-o\" style=\"font-size: 20px;\" aria-hidden=\"true\"><\/i> \u041f\u0440\u0435\u0437\u0435\u043c\u0438 PDF \u0441\u043f\u0435\u0446\u0438\u0444\u0438\u043a\u0430\u0446\u0438\u0458\u0430<\/a><\/p>","protected":false},"featured_media":8630,"template":"","meta":[],"product_brand":[],"product_cat":[40],"product_tag":[],"class_list":{"0":"post-8629","1":"product","2":"type-product","3":"status-publish","4":"has-post-thumbnail","6":"product_cat-low-voltage-energy-cable","8":"first","9":"instock","10":"virtual","11":"product-type-simple"},"_links":{"self":[{"href":"https:\/\/inkacable.mk\/mk\/wp-json\/wp\/v2\/product\/8629","targetHints":{"allow":["GET"]}}],"collection":[{"href":"https:\/\/inkacable.mk\/mk\/wp-json\/wp\/v2\/product"}],"about":[{"href":"https:\/\/inkacable.mk\/mk\/wp-json\/wp\/v2\/types\/product"}],"version-history":[{"count":2,"href":"https:\/\/inkacable.mk\/mk\/wp-json\/wp\/v2\/product\/8629\/revisions"}],"predecessor-version":[{"id":9962,"href":"https:\/\/inkacable.mk\/mk\/wp-json\/wp\/v2\/product\/8629\/revisions\/9962"}],"wp:featuredmedia":[{"embeddable":true,"href":"https:\/\/inkacable.mk\/mk\/wp-json\/wp\/v2\/media\/8630"}],"wp:attachment":[{"href":"https:\/\/inkacable.mk\/mk\/wp-json\/wp\/v2\/media?parent=8629"}],"wp:term":[{"taxonomy":"product_brand","embeddable":true,"href":"https:\/\/inkacable.mk\/mk\/wp-json\/wp\/v2\/product_brand?post=8629"},{"taxonomy":"product_cat","embeddable":true,"href":"https:\/\/inkacable.mk\/mk\/wp-json\/wp\/v2\/product_cat?post=8629"},{"taxonomy":"product_tag","embeddable":true,"href":"https:\/\/inkacable.mk\/mk\/wp-json\/wp\/v2\/product_tag?post=8629"}],"curies":[{"name":"wp","href":"https:\/\/api.w.org\/{rel}","templated":true}]}}